{"id":5533,"date":"2021-06-25T14:39:16","date_gmt":"2021-06-25T13:39:16","guid":{"rendered":"https:\/\/www.bymovers.com\/nous\/"},"modified":"2024-11-18T17:25:45","modified_gmt":"2024-11-18T16:25:45","slug":"nous","status":"publish","type":"page","link":"https:\/\/www.bymovers.com\/fr\/nous\/","title":{"rendered":"Nous"},"content":{"rendered":"<p>[vc_row css=&#8221;.vc_custom_1575381975121{padding-top: 85px !important;padding-bottom: 55px !important;}&#8221;][vc_column css=&#8221;.vc_custom_1575381822868{padding-bottom: 30px !important;}&#8221;][vc_empty_space]<div id=\"ultimate-heading-851269f16f6766984\" class=\"uvc-heading ult-adjust-bottom-margin ultimate-heading-851269f16f6766984 uvc-595 \" data-hspacer=\"no_spacer\"  data-halign=\"center\" style=\"text-align:center\"><div class=\"uvc-heading-spacer no_spacer\" style=\"top\"><\/div><div class=\"uvc-main-heading ult-responsive\"  data-ultimate-target='.uvc-heading.ultimate-heading-851269f16f6766984 h3'  data-responsive-json-new='{\"font-size\":\"desktop:38px;\",\"line-height\":\"desktop:44px;\"}' ><h3 style=\"font-weight:bold;color:#222222;\">Vous ne pouvez obtenir un bon r\u00e9sultat, qu'avec de bonnes personnes<\/h3><\/div><\/div>[vc_empty_space][vc_column_text]<\/p>\n<h3 style=\"text-align: center;\"><span style=\"color: #003366;\">Un groupe de professionnels toujours pr\u00eats \u00e0 apporter, leur travail, leur imagination et leurs solutions.<\/span><\/h3>\n<h2 style=\"text-align: center;\"><span style=\"color: #003300;\">L&#8217;\u00e9quipe byMovers<\/span><\/h2>\n<p>[\/vc_column_text][vc_empty_space][\/vc_column][\/vc_row][vc_row][vc_column width=&#8221;1\/3&#8243;]<div class=\"ult-team-member-wrap ult-style-3  \"><div class=\"ult-team-member-image ultimate-heading69f16f6766fbb\" style=\"; background-color:inherit\" data-hover_opacity=\"0.1\" > <img decoding=\"async\" class=\"\" src=\"https:\/\/www.bymovers.com\/wp-content\/uploads\/2022\/05\/FELIPE.png\" alt=\"null\" ><span class=\"ult-team-member-image-overlay \"  ><\/span><div class=\"ult-team-member-description ult-responsive\"  data-ultimate-target='.ult-team-member-image.ultimate-heading69f16f6766fbb .ult-team-member-description'  data-responsive-json-new='{\"font-size\":\"desktop:14px;mobile:10px;\",\"line-height\":\"\"}'  style=\"; text-align:center;; \"><p><\/p>\n<p id=\"tw-target-text\" class=\"tw-data-text tw-text-large XcVN5d tw-ta\" dir=\"ltr\" style=\"text-align: center;\" data-placeholder=\"Traducci\u00f3n\"><span class=\"Y2IQFc\" lang=\"fr\">Support et service client, sessions de formation en ligne, communication, marketing et autres\u2026 Vaste exp\u00e9rience en support et fid\u00e9lisation, gestion des r\u00e9clamations, support et service client, et surtout patience et empathie pour comprendre leurs besoins. <\/span><span class=\"Y2IQFc\" lang=\"fr\">Le bon sens est presque toujours la meilleure strat\u00e9gie. Optimiste mod\u00e9r\u00e9, j\u2019essaie toujours de voir le c\u00f4t\u00e9 positif des choses (m\u00eame si parfois il faut regarder plusieurs fois). Je d\u00e9teste les lundis, j\u2019aime Pearl Jam, et manger du jambon et boire de la bi\u00e8re je suis \u00e0 un autre niveau.<\/span><\/p>\n<p><\/p><\/div><\/div><div class=\"ult-team-member-bio-wrap style-3 ultimate-heading69f16f6766fbb\" style=\"text-align:center;; \"><div class=\"ult-team-member-name-wrap\"><h2 class=\"ult-team-member-name ult-responsive\"  data-ultimate-target='.ult-team-member-bio-wrap.ultimate-heading69f16f6766fbb .ult-team-member-name'  data-responsive-json-new='{\"font-size\":\"desktop:28px;\",\"line-height\":\"\"}'  style=\"font-family:inherit;font-weight:700;color:#1e73be;\">FELIPE S\u00c1NCHEZ<\/h2><div class=\"ult-team-member-position ult-responsive\"  data-ultimate-target='.ult-team-member-bio-wrap.ultimate-heading69f16f6766fbb .ult-team-member-position'  data-responsive-json-new='{\"font-size\":\"desktop:24px;\",\"line-height\":\"desktop:15px;\"}'  style=\"font-family:Roboto;font-weight:normal;font-style:normal;;color:#000000;\">CSM<\/div><div style=\"margin-bottom:15px\"><\/div><\/div><\/div><\/div><div class=\"ult-team-member-wrap ult-style-3  \"><div class=\"ult-team-member-image ultimate-heading69f16f6767509\" style=\"; background-color:inherit\" data-hover_opacity=\"0.1\" > <img decoding=\"async\" class=\"\" src=\"https:\/\/www.bymovers.com\/wp-content\/uploads\/2022\/05\/LAURA.png\" alt=\"null\" ><span class=\"ult-team-member-image-overlay \"  ><\/span><div class=\"ult-team-member-description ult-responsive\"  data-ultimate-target='.ult-team-member-image.ultimate-heading69f16f6767509 .ult-team-member-description'  data-responsive-json-new='{\"font-size\":\"desktop:14px;mobile:10px;\",\"line-height\":\"\"}'  style=\"; text-align:center;; \"><p><\/p>\n<p style=\"text-align: center;\">Expert en solutions bureautiques et en gestion de documents. Responsable du d\u00e9partement administratif, de la supervision financi\u00e8re et du canal client.<\/p>\n<p style=\"text-align: center;\">Adepte de la randonn\u00e9e et des sports de contact, ceinture noire de judo.<\/p>\n<p><\/p><\/div><\/div><div class=\"ult-team-member-bio-wrap style-3 ultimate-heading69f16f6767509\" style=\"text-align:center;; \"><div class=\"ult-team-member-name-wrap\"><h2 class=\"ult-team-member-name ult-responsive\"  data-ultimate-target='.ult-team-member-bio-wrap.ultimate-heading69f16f6767509 .ult-team-member-name'  data-responsive-json-new='{\"font-size\":\"desktop:28px;\",\"line-height\":\"\"}'  style=\"color:#1e73be;\">LAURA ALMENA<\/h2><div class=\"ult-team-member-position ult-responsive\"  data-ultimate-target='.ult-team-member-bio-wrap.ultimate-heading69f16f6767509 .ult-team-member-position'  data-responsive-json-new='{\"font-size\":\"desktop:24px;\",\"line-height\":\"desktop:15px;\"}'  style=\"font-family:Roboto;color:#000000;\">CAO<\/div><div style=\"margin-bottom:15px\"><\/div><\/div><\/div><\/div>[\/vc_column][vc_column width=&#8221;1\/3&#8243;]<div class=\"ult-team-member-wrap ult-style-3  \"><div class=\"ult-team-member-image ultimate-heading69f16f6767a4e\" style=\"; background-color:inherit\" data-hover_opacity=\"0.1\" > <img decoding=\"async\" class=\"\" src=\"https:\/\/www.bymovers.com\/wp-content\/uploads\/2022\/05\/JORGE.png\" alt=\"null\" ><span class=\"ult-team-member-image-overlay \"  ><\/span><div class=\"ult-team-member-description ult-responsive\"  data-ultimate-target='.ult-team-member-image.ultimate-heading69f16f6767a4e .ult-team-member-description'  data-responsive-json-new='{\"font-size\":\"desktop:14px;mobile:10px;\",\"line-height\":\"\"}'  style=\"; text-align:center;; \"><p><\/p>\n<p id=\"tw-target-text\" class=\"tw-data-text tw-text-large XcVN5d tw-ta\" dir=\"ltr\" style=\"text-align: center;\" data-placeholder=\"Traducci\u00f3n\"><span class=\"Y2IQFc\" lang=\"fr\">Dipl\u00f4m\u00e9 en informatique avec pr\u00e8s de 20 ans d\u2019exp\u00e9rience dans toutes les \u00e9tapes du g\u00e9nie logiciel, de la programmation de microcontr\u00f4leurs \u00e0 la programmation web ou pour les applications mobiles. <\/span><span class=\"Y2IQFc\" lang=\"fr\">C\u2019est un d\u00e9fi pour moi de faire face \u00e0 des d\u00e9fis nouveaux et de plus en plus compliqu\u00e9s chaque jour. Passionn\u00e9 d\u2019astronomie et de nouvelles technologies. <\/span><span class=\"Y2IQFc\" lang=\"fr\">Comme l\u2019a dit Einstein, \u00ab\u00a0Je n\u2019ai pas de talents particuliers, mais je suis profond\u00e9ment curieux.\u00a0\u00bb<\/span><\/p>\n<p><\/p><\/div><\/div><div class=\"ult-team-member-bio-wrap style-3 ultimate-heading69f16f6767a4e\" style=\"text-align:center;; \"><div class=\"ult-team-member-name-wrap\"><h2 class=\"ult-team-member-name ult-responsive\"  data-ultimate-target='.ult-team-member-bio-wrap.ultimate-heading69f16f6767a4e .ult-team-member-name'  data-responsive-json-new='{\"font-size\":\"desktop:28px;\",\"line-height\":\"\"}'  style=\"color:#1e73be;\">JORGE M\u00c1RQUEZ<\/h2><div class=\"ult-team-member-position ult-responsive\"  data-ultimate-target='.ult-team-member-bio-wrap.ultimate-heading69f16f6767a4e .ult-team-member-position'  data-responsive-json-new='{\"font-size\":\"desktop:24px;\",\"line-height\":\"desktop:15px;\"}'  style=\"font-family:Roboto;color:#000000;\">CTO<\/div><div style=\"margin-bottom:15px\"><\/div><\/div><\/div><\/div>[\/vc_column][vc_column width=&#8221;1\/3&#8243;]<div class=\"ult-team-member-wrap ult-style-3  \"><div class=\"ult-team-member-image ultimate-heading69f16f6767f5f\" style=\"; background-color:inherit\" data-hover_opacity=\"0.1\" > <img decoding=\"async\" class=\"\" src=\"https:\/\/www.bymovers.com\/wp-content\/uploads\/2022\/05\/GONZALO.png\" alt=\"null\" ><span class=\"ult-team-member-image-overlay \"  ><\/span><div class=\"ult-team-member-description ult-responsive\"  data-ultimate-target='.ult-team-member-image.ultimate-heading69f16f6767f5f .ult-team-member-description'  data-responsive-json-new='{\"font-size\":\"desktop:14px;mobile:10px;\",\"line-height\":\"\"}'  style=\"; text-align:center;; \"><p><\/p>\n<p id=\"tw-target-text\" class=\"tw-data-text tw-text-large XcVN5d tw-ta\" dir=\"ltr\" style=\"text-align: center;\" data-placeholder=\"Traducci\u00f3n\"><span class=\"Y2IQFc\" lang=\"fr\">Le d\u00e9veloppement frontend et les applications mobiles hybrides sont mes domaines de travail aujourd\u2019hui. L\u2019exigence dans chaque d\u00e9veloppement vient toujours de moi-m\u00eame, cherchant \u00e0 obtenir des r\u00e9sultats qui satisfassent les attentes de l\u2019entreprise et de nos clients. <\/span><span class=\"Y2IQFc\" lang=\"fr\">J\u2019essaie d\u2019apporter des solutions aux d\u00e9fis qui se pr\u00e9sentent, ayant toujours comme premier commandement de promouvoir et de maintenir un bon environnement de travail. <\/span><span class=\"Y2IQFc\" lang=\"fr\">Depuis que je suis petit, j\u2019aime le football, encore plus le jouer que le regarder. J\u2019aime la musique et une bonne s\u00e9ance de cin\u00e9ma ou un marathon de s\u00e9ries \u00e0 la maison.<\/span><\/p>\n<p><\/p><\/div><\/div><div class=\"ult-team-member-bio-wrap style-3 ultimate-heading69f16f6767f5f\" style=\"text-align:center;; \"><div class=\"ult-team-member-name-wrap\"><h2 class=\"ult-team-member-name ult-responsive\"  data-ultimate-target='.ult-team-member-bio-wrap.ultimate-heading69f16f6767f5f .ult-team-member-name'  data-responsive-json-new='{\"font-size\":\"desktop:28px;\",\"line-height\":\"\"}'  style=\"color:#1e73be;\">GONZALO TRUJILLO<\/h2><div class=\"ult-team-member-position ult-responsive\"  data-ultimate-target='.ult-team-member-bio-wrap.ultimate-heading69f16f6767f5f .ult-team-member-position'  data-responsive-json-new='{\"font-size\":\"desktop:24px;\",\"line-height\":\"desktop:15px;\"}'  style=\"font-family:Roboto;color:#000000;\">SENIOR Frontend Dev.<\/div><div style=\"margin-bottom:15px\"><\/div><\/div><\/div><\/div><div class=\"ult-team-member-wrap ult-style-3  \"><div class=\"ult-team-member-image ultimate-heading69f16f67683f7\" style=\"; background-color:inherit\" data-hover_opacity=\"0.1\" > <img decoding=\"async\" class=\"\" src=\"https:\/\/www.bymovers.com\/wp-content\/uploads\/2022\/05\/MIGUEL.png\" alt=\"null\" ><span class=\"ult-team-member-image-overlay \"  ><\/span><div class=\"ult-team-member-description ult-responsive\"  data-ultimate-target='.ult-team-member-image.ultimate-heading69f16f67683f7 .ult-team-member-description'  data-responsive-json-new='{\"font-size\":\"desktop:14px;mobile:10px;\",\"line-height\":\"\"}'  style=\"; text-align:center;; \"><p><\/p>\n<p style=\"text-align: center;\">Administrateur syst\u00e8me qui, apr\u00e8s une longue carri\u00e8re professionnelle dans d&#8217;autres secteurs, a r\u00e9orient\u00e9 sa carri\u00e8re vers le d\u00e9veloppement web full stack. Je me consacre au d\u00e9veloppement backend en Php \/ Symfony, en utilisant toutes mes connaissances et ma pers\u00e9v\u00e9rance pour obtenir les solutions les plus appropri\u00e9es. J&#8217;aime la p\u00eache (au lancer), le sport automobile (tout ce qui a un moteur, de la F1 aux courses de tracteurs agricoles), et la bonne nourriture avec des amis. D\u00e8s que j&#8217;en ai l&#8217;occasion, j&#8217;aime voyager, une autre de mes grandes passions.<\/p>\n<p><\/p><\/div><\/div><div class=\"ult-team-member-bio-wrap style-3 ultimate-heading69f16f67683f7\" style=\"text-align:center;; \"><div class=\"ult-team-member-name-wrap\"><h2 class=\"ult-team-member-name ult-responsive\"  data-ultimate-target='.ult-team-member-bio-wrap.ultimate-heading69f16f67683f7 .ult-team-member-name'  data-responsive-json-new='{\"font-size\":\"desktop:28px;\",\"line-height\":\"\"}'  style=\"color:#1e73be;\">MIGUEL LIGERO<\/h2><div class=\"ult-team-member-position ult-responsive\"  data-ultimate-target='.ult-team-member-bio-wrap.ultimate-heading69f16f67683f7 .ult-team-member-position'  data-responsive-json-new='{\"font-size\":\"desktop:24px;\",\"line-height\":\"desktop:15px;\"}'  style=\"font-family:Roboto;color:#000000;\">Developer<\/div><div style=\"margin-bottom:15px\"><\/div><\/div><\/div><\/div>[\/vc_column][\/vc_row][vc_row full_width=&#8221;stretch_row&#8221; css=&#8221;.vc_custom_1575395391764{padding-top: 60px !important;padding-bottom: 150px !important;background-color: #148ba9 !important;}&#8221;][vc_column][vc_empty_space][\/vc_column][\/vc_row][vc_row][vc_column][vc_column_text]<\/p>\n<h2 style=\"text-align: center;\"><span style=\"color: #003366;\"><strong>Notre travail est de faciliter le votre.\u00a0<\/strong><\/span><\/h2>\n<p>[\/vc_column_text][\/vc_column][\/vc_row][vc_row][vc_column][vc_empty_space height=&#8221;40px&#8221;][\/vc_column][\/vc_row]<\/p>\n","protected":false},"excerpt":{"rendered":"<p>[vc_row css=&#8221;.vc_custom_1575381975121{padding-top: 85px !important;padding-bottom: 55px !important;}&#8221;][vc_column css=&#8221;.vc_custom_1575381822868{padding-bottom: 30px !important;}&#8221;][vc_empty_space][vc_empty_space][vc_column_text] Un groupe de professionnels toujours pr\u00eats \u00e0 apporter, leur travail, leur imagination et leurs solutions. L&#8217;\u00e9quipe byMovers [\/vc_column_text][vc_empty_space][\/vc_column][\/vc_row][vc_row][vc_column width=&#8221;1\/3&#8243;][\/vc_column][vc_column width=&#8221;1\/3&#8243;][\/vc_column][vc_column width=&#8221;1\/3&#8243;][\/vc_column][\/vc_row][vc_row full_width=&#8221;stretch_row&#8221; css=&#8221;.vc_custom_1575395391764{padding-top: 60px !important;padding-bottom: 150px !important;background-color: #148ba9 !important;}&#8221;][vc_column][vc_empty_space][\/vc_column][\/vc_row][vc_row][vc_column][vc_column_text] Notre travail est de faciliter le votre.\u00a0 [\/vc_column_text][\/vc_column][\/vc_row][vc_row][vc_column][vc_empty_space height=&#8221;40px&#8221;][\/vc_column][\/vc_row]<\/p>\n","protected":false},"author":1,"featured_media":0,"parent":0,"menu_order":16,"comment_status":"closed","ping_status":"closed","template":"","meta":[],"class_list":["post-5533","page","type-page","status-publish","hentry","description-off"],"_links":{"self":[{"href":"https:\/\/www.bymovers.com\/fr\/wp-json\/wp\/v2\/pages\/5533"}],"collection":[{"href":"https:\/\/www.bymovers.com\/fr\/wp-json\/wp\/v2\/pages"}],"about":[{"href":"https:\/\/www.bymovers.com\/fr\/wp-json\/wp\/v2\/types\/page"}],"author":[{"embeddable":true,"href":"https:\/\/www.bymovers.com\/fr\/wp-json\/wp\/v2\/users\/1"}],"replies":[{"embeddable":true,"href":"https:\/\/www.bymovers.com\/fr\/wp-json\/wp\/v2\/comments?post=5533"}],"version-history":[{"count":38,"href":"https:\/\/www.bymovers.com\/fr\/wp-json\/wp\/v2\/pages\/5533\/revisions"}],"predecessor-version":[{"id":6506,"href":"https:\/\/www.bymovers.com\/fr\/wp-json\/wp\/v2\/pages\/5533\/revisions\/6506"}],"wp:attachment":[{"href":"https:\/\/www.bymovers.com\/fr\/wp-json\/wp\/v2\/media?parent=5533"}],"curies":[{"name":"wp","href":"https:\/\/api.w.org\/{rel}","templated":true}]}}